{"id":4472,"date":"2024-05-15T19:29:00","date_gmt":"2024-05-15T17:29:00","guid":{"rendered":"https:\/\/cielomessicano.com\/?post_type=product&#038;p=4472"},"modified":"2024-05-17T12:27:53","modified_gmt":"2024-05-17T10:27:53","slug":"the-reign-of-the-jaguar-diptych","status":"publish","type":"product","link":"https:\/\/cielomessicano.com\/en\/product\/the-reign-of-the-jaguar-diptych\/","title":{"rendered":"The Reign of the Jaguar \u2013 Diptych"},"content":{"rendered":"<p class=\"p2\">Questa coppia di stampe \u00e8 un tributo vibrante alla biodiversit\u00e0 pi\u00f9 lussureggiante del pianeta. Ogni pezzo \u00e8 una finestra aperta sulla natura selvaggia, un mosaico dettagliato che racchiude la variet\u00e0 di specie animali che abitano le foreste dell\u2019America Latina. Un invito a connettersi con l&#8217;essenza stessa della Terra!<\/p>\n<p class=\"p2\"><strong>Dimensioni di entrambe le stampe:<\/strong> Altezza 30 cm, Larghezza 30 cm, contando il bordo bianco.<\/p>\n<p class=\"p2\"><strong>Tecnica:<\/strong> stampa a getto d&#8217;inchiostro realizzata con stampanti professionali.<\/p>\n<p class=\"p2\"><strong>Supporto:<\/strong> carta artistica Fedrigoni da 300 gr, color avorio, opaca.<\/p>\n<p class=\"p2\"><strong>Le Stampe Gicl\u00e9e sono riproduzioni fedeli dei dipinti ad olio di Maria Elena Luciani, in edizione limitata a 50 pezzi, firmate e numerate a mano, complete di certificato di autenticit\u00e0.<\/strong><\/p>","protected":false},"excerpt":{"rendered":"<p>Questa coppia di stampe \u00e8 un tributo vibrante alla biodiversit\u00e0 pi\u00f9 lussureggiante del pianeta. Ogni pezzo \u00e8 una finestra aperta sulla natura selvaggia, un mosaico dettagliato che racchiude la variet\u00e0 di specie animali che abitano le foreste dell\u2019America Latina. Un invito a connettersi con l&#8217;essenza stessa della Terra! Dimensioni di entrambe le stampe: Altezza 30 [&hellip;]<\/p>\n","protected":false},"featured_media":4450,"comment_status":"open","ping_status":"closed","template":"","meta":{"nf_dc_page":"","content-type":"","om_disable_all_campaigns":false,"site-sidebar-layout":"default","site-content-layout":"","ast-site-content-layout":"default","site-content-style":"default","site-sidebar-style":"default","ast-global-header-display":"","ast-banner-title-visibility":"","ast-main-header-display":"","ast-hfb-above-header-display":"","ast-hfb-below-header-display":"","ast-hfb-mobile-header-display":"","site-post-title":"","ast-breadcrumbs-content":"","ast-featured-img":"","footer-sml-layout":"","ast-disable-related-posts":"","theme-transparent-header-meta":"default","adv-header-id-meta":"","stick-header-meta":"","header-above-stick-meta":"","header-main-stick-meta":"","header-below-stick-meta":"","astra-migrate-meta-layouts":"set","ast-page-background-enabled":"default","ast-page-background-meta":{"desktop":{"background-color":"","background-image":"","background-repeat":"repeat","background-position":"center center","background-size":"auto","background-attachment":"scroll","background-type":"","background-media":"","overlay-type":"","overlay-color":"","overlay-opacity":"","overlay-gradient":""},"tablet":{"background-color":"","background-image":"","background-repeat":"repeat","background-position":"center center","background-size":"auto","background-attachment":"scroll","background-type":"","background-media":"","overlay-type":"","overlay-color":"","overlay-opacity":"","overlay-gradient":""},"mobile":{"background-color":"","background-image":"","background-repeat":"repeat","background-position":"center center","background-size":"auto","background-attachment":"scroll","background-type":"","background-media":"","overlay-type":"","overlay-color":"","overlay-opacity":"","overlay-gradient":""}},"ast-content-background-meta":{"desktop":{"background-color":"var(--ast-global-color-5)","background-image":"","background-repeat":"repeat","background-position":"center center","background-size":"auto","background-attachment":"scroll","background-type":"","background-media":"","overlay-type":"","overlay-color":"","overlay-opacity":"","overlay-gradient":""},"tablet":{"background-color":"var(--ast-global-color-5)","background-image":"","background-repeat":"repeat","background-position":"center center","background-size":"auto","background-attachment":"scroll","background-type":"","background-media":"","overlay-type":"","overlay-color":"","overlay-opacity":"","overlay-gradient":""},"mobile":{"background-color":"var(--ast-global-color-5)","background-image":"","background-repeat":"repeat","background-position":"center center","background-size":"auto","background-attachment":"scroll","background-type":"","background-media":"","overlay-type":"","overlay-color":"","overlay-opacity":"","overlay-gradient":""}}},"product_brand":[],"product_cat":[120],"product_tag":[],"class_list":{"0":"post-4472","1":"product","2":"type-product","3":"status-publish","4":"has-post-thumbnail","6":"product_cat-stampe-d-arte","7":"product_shipping_class-dipinti","8":"desktop-align-left","9":"tablet-align-left","10":"mobile-align-left","12":"first","13":"instock","14":"shipping-taxable","15":"purchasable","16":"product-type-simple"},"yoast_head":"<!-- This site is optimized with the Yoast SEO plugin v27.4 - https:\/\/yoast.com\/product\/yoast-seo-wordpress\/ -->\n<title>The Reign of the Jaguar \u2013 Diptych - Cielo Messicano<\/title>\n<meta name=\"robots\" content=\"index, follow, max-snippet:-1, max-image-preview:large, max-video-preview:-1\" \/>\n<link rel=\"canonical\" href=\"https:\/\/cielomessicano.com\/en\/prodotto\/the-reign-of-the-jaguar-diptych\/\" \/>\n<meta property=\"og:locale\" content=\"en_US\" \/>\n<meta property=\"og:type\" content=\"article\" \/>\n<meta property=\"og:title\" content=\"The Reign of the Jaguar \u2013 Diptych - Cielo Messicano\" \/>\n<meta property=\"og:description\" content=\"Questa coppia di stampe \u00e8 un tributo vibrante alla biodiversit\u00e0 pi\u00f9 lussureggiante del pianeta. Ogni pezzo \u00e8 una finestra aperta sulla natura selvaggia, un mosaico dettagliato che racchiude la variet\u00e0 di specie animali che abitano le foreste dell\u2019America Latina. Un invito a connettersi con l&#8217;essenza stessa della Terra! Dimensioni di entrambe le stampe: Altezza 30 [&hellip;]\" \/>\n<meta property=\"og:url\" content=\"https:\/\/cielomessicano.com\/en\/prodotto\/the-reign-of-the-jaguar-diptych\/\" \/>\n<meta property=\"og:site_name\" content=\"Cielo Messicano\" \/>\n<meta property=\"article:modified_time\" content=\"2024-05-17T10:27:53+00:00\" \/>\n<meta property=\"og:image\" content=\"https:\/\/i0.wp.com\/cielomessicano.com\/wp-content\/uploads\/2024\/05\/The-Reign-of-the-Jaguar-Dittico.jpg?fit=2000%2C1303&ssl=1\" \/>\n\t<meta property=\"og:image:width\" content=\"2000\" \/>\n\t<meta property=\"og:image:height\" content=\"1303\" \/>\n\t<meta property=\"og:image:type\" content=\"image\/jpeg\" \/>\n<meta name=\"twitter:card\" content=\"summary_large_image\" \/>\n<meta name=\"twitter:label1\" content=\"Est. reading time\" \/>\n\t<meta name=\"twitter:data1\" content=\"1 minute\" \/>\n<script type=\"application\/ld+json\" class=\"yoast-schema-graph\">{\"@context\":\"https:\\\/\\\/schema.org\",\"@graph\":[{\"@type\":\"WebPage\",\"@id\":\"https:\\\/\\\/cielomessicano.com\\\/prodotto\\\/the-reign-of-the-jaguar-diptych\\\/\",\"url\":\"https:\\\/\\\/cielomessicano.com\\\/prodotto\\\/the-reign-of-the-jaguar-diptych\\\/\",\"name\":\"The Reign of the Jaguar \u2013 Diptych - Cielo Messicano\",\"isPartOf\":{\"@id\":\"https:\\\/\\\/cielomessicano.com\\\/#website\"},\"primaryImageOfPage\":{\"@id\":\"https:\\\/\\\/cielomessicano.com\\\/prodotto\\\/the-reign-of-the-jaguar-diptych\\\/#primaryimage\"},\"image\":{\"@id\":\"https:\\\/\\\/cielomessicano.com\\\/prodotto\\\/the-reign-of-the-jaguar-diptych\\\/#primaryimage\"},\"thumbnailUrl\":\"https:\\\/\\\/i0.wp.com\\\/cielomessicano.com\\\/wp-content\\\/uploads\\\/2024\\\/05\\\/The-Reign-of-the-Jaguar-Dittico.jpg?fit=2000%2C1303&ssl=1\",\"datePublished\":\"2024-05-15T17:29:00+00:00\",\"dateModified\":\"2024-05-17T10:27:53+00:00\",\"breadcrumb\":{\"@id\":\"https:\\\/\\\/cielomessicano.com\\\/prodotto\\\/the-reign-of-the-jaguar-diptych\\\/#breadcrumb\"},\"inLanguage\":\"en-US\",\"potentialAction\":[{\"@type\":\"ReadAction\",\"target\":[\"https:\\\/\\\/cielomessicano.com\\\/prodotto\\\/the-reign-of-the-jaguar-diptych\\\/\"]}]},{\"@type\":\"ImageObject\",\"inLanguage\":\"en-US\",\"@id\":\"https:\\\/\\\/cielomessicano.com\\\/prodotto\\\/the-reign-of-the-jaguar-diptych\\\/#primaryimage\",\"url\":\"https:\\\/\\\/i0.wp.com\\\/cielomessicano.com\\\/wp-content\\\/uploads\\\/2024\\\/05\\\/The-Reign-of-the-Jaguar-Dittico.jpg?fit=2000%2C1303&ssl=1\",\"contentUrl\":\"https:\\\/\\\/i0.wp.com\\\/cielomessicano.com\\\/wp-content\\\/uploads\\\/2024\\\/05\\\/The-Reign-of-the-Jaguar-Dittico.jpg?fit=2000%2C1303&ssl=1\",\"width\":2000,\"height\":1303},{\"@type\":\"BreadcrumbList\",\"@id\":\"https:\\\/\\\/cielomessicano.com\\\/prodotto\\\/the-reign-of-the-jaguar-diptych\\\/#breadcrumb\",\"itemListElement\":[{\"@type\":\"ListItem\",\"position\":1,\"name\":\"Home\",\"item\":\"https:\\\/\\\/cielomessicano.com\\\/\"},{\"@type\":\"ListItem\",\"position\":2,\"name\":\"Negozio Online\",\"item\":\"https:\\\/\\\/cielomessicano.com\\\/shop\\\/\"},{\"@type\":\"ListItem\",\"position\":3,\"name\":\"The Reign of the Jaguar \u2013 Diptych\"}]},{\"@type\":\"WebSite\",\"@id\":\"https:\\\/\\\/cielomessicano.com\\\/#website\",\"url\":\"https:\\\/\\\/cielomessicano.com\\\/\",\"name\":\"Cielo Messicano\",\"description\":\"\",\"publisher\":{\"@id\":\"https:\\\/\\\/cielomessicano.com\\\/#organization\"},\"potentialAction\":[{\"@type\":\"SearchAction\",\"target\":{\"@type\":\"EntryPoint\",\"urlTemplate\":\"https:\\\/\\\/cielomessicano.com\\\/?s={search_term_string}\"},\"query-input\":{\"@type\":\"PropertyValueSpecification\",\"valueRequired\":true,\"valueName\":\"search_term_string\"}}],\"inLanguage\":\"en-US\"},{\"@type\":\"Organization\",\"@id\":\"https:\\\/\\\/cielomessicano.com\\\/#organization\",\"name\":\"Cielo Messicano\",\"url\":\"https:\\\/\\\/cielomessicano.com\\\/\",\"logo\":{\"@type\":\"ImageObject\",\"inLanguage\":\"en-US\",\"@id\":\"https:\\\/\\\/cielomessicano.com\\\/#\\\/schema\\\/logo\\\/image\\\/\",\"url\":\"https:\\\/\\\/i0.wp.com\\\/cielomessicano.com\\\/wp-content\\\/uploads\\\/2023\\\/09\\\/cropped-Logo_di_Cielo_Messicano-removebg-preview-1.png?fit=360%2C248&ssl=1\",\"contentUrl\":\"https:\\\/\\\/i0.wp.com\\\/cielomessicano.com\\\/wp-content\\\/uploads\\\/2023\\\/09\\\/cropped-Logo_di_Cielo_Messicano-removebg-preview-1.png?fit=360%2C248&ssl=1\",\"width\":360,\"height\":248,\"caption\":\"Cielo Messicano\"},\"image\":{\"@id\":\"https:\\\/\\\/cielomessicano.com\\\/#\\\/schema\\\/logo\\\/image\\\/\"}}]}<\/script>\n<!-- \/ Yoast SEO plugin. -->","yoast_head_json":{"title":"The Reign of the Jaguar \u2013 Diptych - Cielo Messicano","robots":{"index":"index","follow":"follow","max-snippet":"max-snippet:-1","max-image-preview":"max-image-preview:large","max-video-preview":"max-video-preview:-1"},"canonical":"https:\/\/cielomessicano.com\/en\/prodotto\/the-reign-of-the-jaguar-diptych\/","og_locale":"en_US","og_type":"article","og_title":"The Reign of the Jaguar \u2013 Diptych - Cielo Messicano","og_description":"Questa coppia di stampe \u00e8 un tributo vibrante alla biodiversit\u00e0 pi\u00f9 lussureggiante del pianeta. Ogni pezzo \u00e8 una finestra aperta sulla natura selvaggia, un mosaico dettagliato che racchiude la variet\u00e0 di specie animali che abitano le foreste dell\u2019America Latina. Un invito a connettersi con l&#8217;essenza stessa della Terra! Dimensioni di entrambe le stampe: Altezza 30 [&hellip;]","og_url":"https:\/\/cielomessicano.com\/en\/prodotto\/the-reign-of-the-jaguar-diptych\/","og_site_name":"Cielo Messicano","article_modified_time":"2024-05-17T10:27:53+00:00","og_image":[{"width":2000,"height":1303,"url":"https:\/\/i0.wp.com\/cielomessicano.com\/wp-content\/uploads\/2024\/05\/The-Reign-of-the-Jaguar-Dittico.jpg?fit=2000%2C1303&ssl=1","type":"image\/jpeg"}],"twitter_card":"summary_large_image","twitter_misc":{"Est. reading time":"1 minute"},"schema":{"@context":"https:\/\/schema.org","@graph":[{"@type":"WebPage","@id":"https:\/\/cielomessicano.com\/prodotto\/the-reign-of-the-jaguar-diptych\/","url":"https:\/\/cielomessicano.com\/prodotto\/the-reign-of-the-jaguar-diptych\/","name":"The Reign of the Jaguar \u2013 Diptych - Cielo Messicano","isPartOf":{"@id":"https:\/\/cielomessicano.com\/#website"},"primaryImageOfPage":{"@id":"https:\/\/cielomessicano.com\/prodotto\/the-reign-of-the-jaguar-diptych\/#primaryimage"},"image":{"@id":"https:\/\/cielomessicano.com\/prodotto\/the-reign-of-the-jaguar-diptych\/#primaryimage"},"thumbnailUrl":"https:\/\/i0.wp.com\/cielomessicano.com\/wp-content\/uploads\/2024\/05\/The-Reign-of-the-Jaguar-Dittico.jpg?fit=2000%2C1303&ssl=1","datePublished":"2024-05-15T17:29:00+00:00","dateModified":"2024-05-17T10:27:53+00:00","breadcrumb":{"@id":"https:\/\/cielomessicano.com\/prodotto\/the-reign-of-the-jaguar-diptych\/#breadcrumb"},"inLanguage":"en-US","potentialAction":[{"@type":"ReadAction","target":["https:\/\/cielomessicano.com\/prodotto\/the-reign-of-the-jaguar-diptych\/"]}]},{"@type":"ImageObject","inLanguage":"en-US","@id":"https:\/\/cielomessicano.com\/prodotto\/the-reign-of-the-jaguar-diptych\/#primaryimage","url":"https:\/\/i0.wp.com\/cielomessicano.com\/wp-content\/uploads\/2024\/05\/The-Reign-of-the-Jaguar-Dittico.jpg?fit=2000%2C1303&ssl=1","contentUrl":"https:\/\/i0.wp.com\/cielomessicano.com\/wp-content\/uploads\/2024\/05\/The-Reign-of-the-Jaguar-Dittico.jpg?fit=2000%2C1303&ssl=1","width":2000,"height":1303},{"@type":"BreadcrumbList","@id":"https:\/\/cielomessicano.com\/prodotto\/the-reign-of-the-jaguar-diptych\/#breadcrumb","itemListElement":[{"@type":"ListItem","position":1,"name":"Home","item":"https:\/\/cielomessicano.com\/"},{"@type":"ListItem","position":2,"name":"Negozio Online","item":"https:\/\/cielomessicano.com\/shop\/"},{"@type":"ListItem","position":3,"name":"The Reign of the Jaguar \u2013 Diptych"}]},{"@type":"WebSite","@id":"https:\/\/cielomessicano.com\/#website","url":"https:\/\/cielomessicano.com\/","name":"Cielo Messicano","description":"","publisher":{"@id":"https:\/\/cielomessicano.com\/#organization"},"potentialAction":[{"@type":"SearchAction","target":{"@type":"EntryPoint","urlTemplate":"https:\/\/cielomessicano.com\/?s={search_term_string}"},"query-input":{"@type":"PropertyValueSpecification","valueRequired":true,"valueName":"search_term_string"}}],"inLanguage":"en-US"},{"@type":"Organization","@id":"https:\/\/cielomessicano.com\/#organization","name":"Cielo Messicano","url":"https:\/\/cielomessicano.com\/","logo":{"@type":"ImageObject","inLanguage":"en-US","@id":"https:\/\/cielomessicano.com\/#\/schema\/logo\/image\/","url":"https:\/\/i0.wp.com\/cielomessicano.com\/wp-content\/uploads\/2023\/09\/cropped-Logo_di_Cielo_Messicano-removebg-preview-1.png?fit=360%2C248&ssl=1","contentUrl":"https:\/\/i0.wp.com\/cielomessicano.com\/wp-content\/uploads\/2023\/09\/cropped-Logo_di_Cielo_Messicano-removebg-preview-1.png?fit=360%2C248&ssl=1","width":360,"height":248,"caption":"Cielo Messicano"},"image":{"@id":"https:\/\/cielomessicano.com\/#\/schema\/logo\/image\/"}}]}},"jetpack_sharing_enabled":true,"_links":{"self":[{"href":"https:\/\/cielomessicano.com\/en\/wp-json\/wp\/v2\/product\/4472","targetHints":{"allow":["GET"]}}],"collection":[{"href":"https:\/\/cielomessicano.com\/en\/wp-json\/wp\/v2\/product"}],"about":[{"href":"https:\/\/cielomessicano.com\/en\/wp-json\/wp\/v2\/types\/product"}],"replies":[{"embeddable":true,"href":"https:\/\/cielomessicano.com\/en\/wp-json\/wp\/v2\/comments?post=4472"}],"wp:featuredmedia":[{"embeddable":true,"href":"https:\/\/cielomessicano.com\/en\/wp-json\/wp\/v2\/media\/4450"}],"wp:attachment":[{"href":"https:\/\/cielomessicano.com\/en\/wp-json\/wp\/v2\/media?parent=4472"}],"wp:term":[{"taxonomy":"product_brand","embeddable":true,"href":"https:\/\/cielomessicano.com\/en\/wp-json\/wp\/v2\/product_brand?post=4472"},{"taxonomy":"product_cat","embeddable":true,"href":"https:\/\/cielomessicano.com\/en\/wp-json\/wp\/v2\/product_cat?post=4472"},{"taxonomy":"product_tag","embeddable":true,"href":"https:\/\/cielomessicano.com\/en\/wp-json\/wp\/v2\/product_tag?post=4472"}],"curies":[{"name":"wp","href":"https:\/\/api.w.org\/{rel}","templated":true}]}}