{"id":4691,"date":"2024-06-04T22:21:48","date_gmt":"2024-06-04T20:21:48","guid":{"rendered":"https:\/\/cielomessicano.com\/?post_type=product&#038;p=4691"},"modified":"2024-09-10T11:59:14","modified_gmt":"2024-09-10T09:59:14","slug":"life-in-the-jungle","status":"publish","type":"product","link":"https:\/\/cielomessicano.com\/en\/product\/life-in-the-jungle\/","title":{"rendered":"Life in the Jungle"},"content":{"rendered":"<p class=\"p1\">Questa \u00e8 pi\u00f9 di un&#8217;opera d&#8217;arte, \u00e8 un invito a testimoniare la bellezza indomita di un mondo brulicante di vita. Una rara opportunit\u00e0 di possedere un pezzo di profonda connessione con la natura.<\/p>\n<p class=\"p1\">Questo pezzo \u00e8 nato dall\u2019ultimo viaggio dell\u2019artista attraverso gli ecosistemi pi\u00f9 vitali del mondo. Lo spirito delle foreste latinoamericane risuoner\u00e0 nel tuo spazio. Questa \u00e8 la tua occasione di possedere una fetta di paradiso, una vibrante sinfonia di colori e vitalit\u00e0 che promette di trasformare qualsiasi spazio in un santuario delle meraviglie.<\/p>\n<p class=\"p1\">Dimensioni: Altezza 40 cm, Larghezza 32 cm, contando il bordo bianco.<\/p>\n<p class=\"p1\">Tecnica: stampa a getto d&#8217;inchiostro realizzata con stampanti professionali.<\/p>\n<p class=\"p1\">Supporto: carta artistica Fedrigoni da 300 gr, color avorio, opaca.<\/p>\n<p class=\"p1\">Le Stampe Gicl\u00e9e sono riproduzioni fedeli dei dipinti ad olio di Maria Elena Luciani, in edizione limitata a 50 pezzi, firmate e numerate a mano, complete di certificato di autenticit\u00e0.<\/p>","protected":false},"excerpt":{"rendered":"<p>Questa \u00e8 pi\u00f9 di un&#8217;opera d&#8217;arte, \u00e8 un invito a testimoniare la bellezza indomita di un mondo brulicante di vita. Una rara opportunit\u00e0 di possedere un pezzo di profonda connessione con la natura. Questo pezzo \u00e8 nato dall\u2019ultimo viaggio dell\u2019artista attraverso gli ecosistemi pi\u00f9 vitali del mondo. Lo spirito delle foreste latinoamericane risuoner\u00e0 nel tuo [&hellip;]<\/p>\n","protected":false},"featured_media":4700,"comment_status":"open","ping_status":"closed","template":"","meta":{"nf_dc_page":"","content-type":"","om_disable_all_campaigns":false,"site-sidebar-layout":"default","site-content-layout":"","ast-site-content-layout":"default","site-content-style":"default","site-sidebar-style":"default","ast-global-header-display":"","ast-banner-title-visibility":"","ast-main-header-display":"","ast-hfb-above-header-display":"","ast-hfb-below-header-display":"","ast-hfb-mobile-header-display":"","site-post-title":"","ast-breadcrumbs-content":"","ast-featured-img":"","footer-sml-layout":"","ast-disable-related-posts":"","theme-transparent-header-meta":"default","adv-header-id-meta":"","stick-header-meta":"","header-above-stick-meta":"","header-main-stick-meta":"","header-below-stick-meta":"","astra-migrate-meta-layouts":"set","ast-page-background-enabled":"default","ast-page-background-meta":{"desktop":{"background-color":"","background-image":"","background-repeat":"repeat","background-position":"center center","background-size":"auto","background-attachment":"scroll","background-type":"","background-media":"","overlay-type":"","overlay-color":"","overlay-opacity":"","overlay-gradient":""},"tablet":{"background-color":"","background-image":"","background-repeat":"repeat","background-position":"center center","background-size":"auto","background-attachment":"scroll","background-type":"","background-media":"","overlay-type":"","overlay-color":"","overlay-opacity":"","overlay-gradient":""},"mobile":{"background-color":"","background-image":"","background-repeat":"repeat","background-position":"center center","background-size":"auto","background-attachment":"scroll","background-type":"","background-media":"","overlay-type":"","overlay-color":"","overlay-opacity":"","overlay-gradient":""}},"ast-content-background-meta":{"desktop":{"background-color":"var(--ast-global-color-5)","background-image":"","background-repeat":"repeat","background-position":"center center","background-size":"auto","background-attachment":"scroll","background-type":"","background-media":"","overlay-type":"","overlay-color":"","overlay-opacity":"","overlay-gradient":""},"tablet":{"background-color":"var(--ast-global-color-5)","background-image":"","background-repeat":"repeat","background-position":"center center","background-size":"auto","background-attachment":"scroll","background-type":"","background-media":"","overlay-type":"","overlay-color":"","overlay-opacity":"","overlay-gradient":""},"mobile":{"background-color":"var(--ast-global-color-5)","background-image":"","background-repeat":"repeat","background-position":"center center","background-size":"auto","background-attachment":"scroll","background-type":"","background-media":"","overlay-type":"","overlay-color":"","overlay-opacity":"","overlay-gradient":""}}},"product_brand":[],"product_cat":[120],"product_tag":[],"class_list":{"0":"post-4691","1":"product","2":"type-product","3":"status-publish","4":"has-post-thumbnail","6":"product_cat-stampe-d-arte","7":"product_shipping_class-dipinti","8":"desktop-align-left","9":"tablet-align-left","10":"mobile-align-left","12":"first","13":"instock","14":"shipping-taxable","15":"purchasable","16":"product-type-simple"},"yoast_head":"<!-- This site is optimized with the Yoast SEO plugin v27.4 - https:\/\/yoast.com\/product\/yoast-seo-wordpress\/ -->\n<title>Life in the Jungle - Cielo Messicano<\/title>\n<meta name=\"robots\" content=\"index, follow, max-snippet:-1, max-image-preview:large, max-video-preview:-1\" \/>\n<link rel=\"canonical\" href=\"https:\/\/cielomessicano.com\/en\/product\/life-in-the-jungle\/\" \/>\n<meta property=\"og:locale\" content=\"en_US\" \/>\n<meta property=\"og:type\" content=\"article\" \/>\n<meta property=\"og:title\" content=\"Life in the Jungle - Cielo Messicano\" \/>\n<meta property=\"og:description\" content=\"Questa \u00e8 pi\u00f9 di un&#8217;opera d&#8217;arte, \u00e8 un invito a testimoniare la bellezza indomita di un mondo brulicante di vita. Una rara opportunit\u00e0 di possedere un pezzo di profonda connessione con la natura. Questo pezzo \u00e8 nato dall\u2019ultimo viaggio dell\u2019artista attraverso gli ecosistemi pi\u00f9 vitali del mondo. Lo spirito delle foreste latinoamericane risuoner\u00e0 nel tuo [&hellip;]\" \/>\n<meta property=\"og:url\" content=\"https:\/\/cielomessicano.com\/en\/product\/life-in-the-jungle\/\" \/>\n<meta property=\"og:site_name\" content=\"Cielo Messicano\" \/>\n<meta property=\"article:modified_time\" content=\"2024-09-10T09:59:14+00:00\" \/>\n<meta property=\"og:image\" content=\"https:\/\/cielomessicano.com\/wp-content\/uploads\/2024\/06\/Life-in-the-Jungle_oil-on-canvas_web.jpg\" \/>\n\t<meta property=\"og:image:width\" content=\"1166\" \/>\n\t<meta property=\"og:image:height\" content=\"1500\" \/>\n\t<meta property=\"og:image:type\" content=\"image\/jpeg\" \/>\n<meta name=\"twitter:card\" content=\"summary_large_image\" \/>\n<meta name=\"twitter:label1\" content=\"Est. reading time\" \/>\n\t<meta name=\"twitter:data1\" content=\"1 minute\" \/>\n<script type=\"application\/ld+json\" class=\"yoast-schema-graph\">{\"@context\":\"https:\\\/\\\/schema.org\",\"@graph\":[{\"@type\":\"WebPage\",\"@id\":\"https:\\\/\\\/cielomessicano.com\\\/product\\\/life-in-the-jungle\\\/\",\"url\":\"https:\\\/\\\/cielomessicano.com\\\/product\\\/life-in-the-jungle\\\/\",\"name\":\"Life in the Jungle - Cielo Messicano\",\"isPartOf\":{\"@id\":\"https:\\\/\\\/cielomessicano.com\\\/#website\"},\"primaryImageOfPage\":{\"@id\":\"https:\\\/\\\/cielomessicano.com\\\/product\\\/life-in-the-jungle\\\/#primaryimage\"},\"image\":{\"@id\":\"https:\\\/\\\/cielomessicano.com\\\/product\\\/life-in-the-jungle\\\/#primaryimage\"},\"thumbnailUrl\":\"https:\\\/\\\/i0.wp.com\\\/cielomessicano.com\\\/wp-content\\\/uploads\\\/2024\\\/06\\\/Life-in-the-Jungle_oil-on-canvas_web.jpg?fit=1166%2C1500&ssl=1\",\"datePublished\":\"2024-06-04T20:21:48+00:00\",\"dateModified\":\"2024-09-10T09:59:14+00:00\",\"breadcrumb\":{\"@id\":\"https:\\\/\\\/cielomessicano.com\\\/product\\\/life-in-the-jungle\\\/#breadcrumb\"},\"inLanguage\":\"en-US\",\"potentialAction\":[{\"@type\":\"ReadAction\",\"target\":[\"https:\\\/\\\/cielomessicano.com\\\/product\\\/life-in-the-jungle\\\/\"]}]},{\"@type\":\"ImageObject\",\"inLanguage\":\"en-US\",\"@id\":\"https:\\\/\\\/cielomessicano.com\\\/product\\\/life-in-the-jungle\\\/#primaryimage\",\"url\":\"https:\\\/\\\/i0.wp.com\\\/cielomessicano.com\\\/wp-content\\\/uploads\\\/2024\\\/06\\\/Life-in-the-Jungle_oil-on-canvas_web.jpg?fit=1166%2C1500&ssl=1\",\"contentUrl\":\"https:\\\/\\\/i0.wp.com\\\/cielomessicano.com\\\/wp-content\\\/uploads\\\/2024\\\/06\\\/Life-in-the-Jungle_oil-on-canvas_web.jpg?fit=1166%2C1500&ssl=1\",\"width\":1166,\"height\":1500},{\"@type\":\"BreadcrumbList\",\"@id\":\"https:\\\/\\\/cielomessicano.com\\\/product\\\/life-in-the-jungle\\\/#breadcrumb\",\"itemListElement\":[{\"@type\":\"ListItem\",\"position\":1,\"name\":\"Home\",\"item\":\"https:\\\/\\\/cielomessicano.com\\\/\"},{\"@type\":\"ListItem\",\"position\":2,\"name\":\"Negozio Online\",\"item\":\"https:\\\/\\\/cielomessicano.com\\\/shop\\\/\"},{\"@type\":\"ListItem\",\"position\":3,\"name\":\"Life in the Jungle\"}]},{\"@type\":\"WebSite\",\"@id\":\"https:\\\/\\\/cielomessicano.com\\\/#website\",\"url\":\"https:\\\/\\\/cielomessicano.com\\\/\",\"name\":\"Cielo Messicano\",\"description\":\"\",\"publisher\":{\"@id\":\"https:\\\/\\\/cielomessicano.com\\\/#organization\"},\"potentialAction\":[{\"@type\":\"SearchAction\",\"target\":{\"@type\":\"EntryPoint\",\"urlTemplate\":\"https:\\\/\\\/cielomessicano.com\\\/?s={search_term_string}\"},\"query-input\":{\"@type\":\"PropertyValueSpecification\",\"valueRequired\":true,\"valueName\":\"search_term_string\"}}],\"inLanguage\":\"en-US\"},{\"@type\":\"Organization\",\"@id\":\"https:\\\/\\\/cielomessicano.com\\\/#organization\",\"name\":\"Cielo Messicano\",\"url\":\"https:\\\/\\\/cielomessicano.com\\\/\",\"logo\":{\"@type\":\"ImageObject\",\"inLanguage\":\"en-US\",\"@id\":\"https:\\\/\\\/cielomessicano.com\\\/#\\\/schema\\\/logo\\\/image\\\/\",\"url\":\"https:\\\/\\\/i0.wp.com\\\/cielomessicano.com\\\/wp-content\\\/uploads\\\/2023\\\/09\\\/cropped-Logo_di_Cielo_Messicano-removebg-preview-1.png?fit=360%2C248&ssl=1\",\"contentUrl\":\"https:\\\/\\\/i0.wp.com\\\/cielomessicano.com\\\/wp-content\\\/uploads\\\/2023\\\/09\\\/cropped-Logo_di_Cielo_Messicano-removebg-preview-1.png?fit=360%2C248&ssl=1\",\"width\":360,\"height\":248,\"caption\":\"Cielo Messicano\"},\"image\":{\"@id\":\"https:\\\/\\\/cielomessicano.com\\\/#\\\/schema\\\/logo\\\/image\\\/\"}}]}<\/script>\n<!-- \/ Yoast SEO plugin. -->","yoast_head_json":{"title":"Life in the Jungle - Cielo Messicano","robots":{"index":"index","follow":"follow","max-snippet":"max-snippet:-1","max-image-preview":"max-image-preview:large","max-video-preview":"max-video-preview:-1"},"canonical":"https:\/\/cielomessicano.com\/en\/product\/life-in-the-jungle\/","og_locale":"en_US","og_type":"article","og_title":"Life in the Jungle - Cielo Messicano","og_description":"Questa \u00e8 pi\u00f9 di un&#8217;opera d&#8217;arte, \u00e8 un invito a testimoniare la bellezza indomita di un mondo brulicante di vita. Una rara opportunit\u00e0 di possedere un pezzo di profonda connessione con la natura. Questo pezzo \u00e8 nato dall\u2019ultimo viaggio dell\u2019artista attraverso gli ecosistemi pi\u00f9 vitali del mondo. Lo spirito delle foreste latinoamericane risuoner\u00e0 nel tuo [&hellip;]","og_url":"https:\/\/cielomessicano.com\/en\/product\/life-in-the-jungle\/","og_site_name":"Cielo Messicano","article_modified_time":"2024-09-10T09:59:14+00:00","og_image":[{"width":1166,"height":1500,"url":"https:\/\/cielomessicano.com\/wp-content\/uploads\/2024\/06\/Life-in-the-Jungle_oil-on-canvas_web.jpg","type":"image\/jpeg"}],"twitter_card":"summary_large_image","twitter_misc":{"Est. reading time":"1 minute"},"schema":{"@context":"https:\/\/schema.org","@graph":[{"@type":"WebPage","@id":"https:\/\/cielomessicano.com\/product\/life-in-the-jungle\/","url":"https:\/\/cielomessicano.com\/product\/life-in-the-jungle\/","name":"Life in the Jungle - Cielo Messicano","isPartOf":{"@id":"https:\/\/cielomessicano.com\/#website"},"primaryImageOfPage":{"@id":"https:\/\/cielomessicano.com\/product\/life-in-the-jungle\/#primaryimage"},"image":{"@id":"https:\/\/cielomessicano.com\/product\/life-in-the-jungle\/#primaryimage"},"thumbnailUrl":"https:\/\/i0.wp.com\/cielomessicano.com\/wp-content\/uploads\/2024\/06\/Life-in-the-Jungle_oil-on-canvas_web.jpg?fit=1166%2C1500&ssl=1","datePublished":"2024-06-04T20:21:48+00:00","dateModified":"2024-09-10T09:59:14+00:00","breadcrumb":{"@id":"https:\/\/cielomessicano.com\/product\/life-in-the-jungle\/#breadcrumb"},"inLanguage":"en-US","potentialAction":[{"@type":"ReadAction","target":["https:\/\/cielomessicano.com\/product\/life-in-the-jungle\/"]}]},{"@type":"ImageObject","inLanguage":"en-US","@id":"https:\/\/cielomessicano.com\/product\/life-in-the-jungle\/#primaryimage","url":"https:\/\/i0.wp.com\/cielomessicano.com\/wp-content\/uploads\/2024\/06\/Life-in-the-Jungle_oil-on-canvas_web.jpg?fit=1166%2C1500&ssl=1","contentUrl":"https:\/\/i0.wp.com\/cielomessicano.com\/wp-content\/uploads\/2024\/06\/Life-in-the-Jungle_oil-on-canvas_web.jpg?fit=1166%2C1500&ssl=1","width":1166,"height":1500},{"@type":"BreadcrumbList","@id":"https:\/\/cielomessicano.com\/product\/life-in-the-jungle\/#breadcrumb","itemListElement":[{"@type":"ListItem","position":1,"name":"Home","item":"https:\/\/cielomessicano.com\/"},{"@type":"ListItem","position":2,"name":"Negozio Online","item":"https:\/\/cielomessicano.com\/shop\/"},{"@type":"ListItem","position":3,"name":"Life in the Jungle"}]},{"@type":"WebSite","@id":"https:\/\/cielomessicano.com\/#website","url":"https:\/\/cielomessicano.com\/","name":"Cielo Messicano","description":"","publisher":{"@id":"https:\/\/cielomessicano.com\/#organization"},"potentialAction":[{"@type":"SearchAction","target":{"@type":"EntryPoint","urlTemplate":"https:\/\/cielomessicano.com\/?s={search_term_string}"},"query-input":{"@type":"PropertyValueSpecification","valueRequired":true,"valueName":"search_term_string"}}],"inLanguage":"en-US"},{"@type":"Organization","@id":"https:\/\/cielomessicano.com\/#organization","name":"Cielo Messicano","url":"https:\/\/cielomessicano.com\/","logo":{"@type":"ImageObject","inLanguage":"en-US","@id":"https:\/\/cielomessicano.com\/#\/schema\/logo\/image\/","url":"https:\/\/i0.wp.com\/cielomessicano.com\/wp-content\/uploads\/2023\/09\/cropped-Logo_di_Cielo_Messicano-removebg-preview-1.png?fit=360%2C248&ssl=1","contentUrl":"https:\/\/i0.wp.com\/cielomessicano.com\/wp-content\/uploads\/2023\/09\/cropped-Logo_di_Cielo_Messicano-removebg-preview-1.png?fit=360%2C248&ssl=1","width":360,"height":248,"caption":"Cielo Messicano"},"image":{"@id":"https:\/\/cielomessicano.com\/#\/schema\/logo\/image\/"}}]}},"jetpack_sharing_enabled":true,"_links":{"self":[{"href":"https:\/\/cielomessicano.com\/en\/wp-json\/wp\/v2\/product\/4691","targetHints":{"allow":["GET"]}}],"collection":[{"href":"https:\/\/cielomessicano.com\/en\/wp-json\/wp\/v2\/product"}],"about":[{"href":"https:\/\/cielomessicano.com\/en\/wp-json\/wp\/v2\/types\/product"}],"replies":[{"embeddable":true,"href":"https:\/\/cielomessicano.com\/en\/wp-json\/wp\/v2\/comments?post=4691"}],"wp:featuredmedia":[{"embeddable":true,"href":"https:\/\/cielomessicano.com\/en\/wp-json\/wp\/v2\/media\/4700"}],"wp:attachment":[{"href":"https:\/\/cielomessicano.com\/en\/wp-json\/wp\/v2\/media?parent=4691"}],"wp:term":[{"taxonomy":"product_brand","embeddable":true,"href":"https:\/\/cielomessicano.com\/en\/wp-json\/wp\/v2\/product_brand?post=4691"},{"taxonomy":"product_cat","embeddable":true,"href":"https:\/\/cielomessicano.com\/en\/wp-json\/wp\/v2\/product_cat?post=4691"},{"taxonomy":"product_tag","embeddable":true,"href":"https:\/\/cielomessicano.com\/en\/wp-json\/wp\/v2\/product_tag?post=4691"}],"curies":[{"name":"wp","href":"https:\/\/api.w.org\/{rel}","templated":true}]}}